{"id":19369,"date":"2026-02-09T13:51:56","date_gmt":"2026-02-09T12:51:56","guid":{"rendered":"https:\/\/gasmix.com\/article\/"},"modified":"2026-03-04T18:27:24","modified_gmt":"2026-03-04T17:27:24","slug":"article","status":"publish","type":"page","link":"https:\/\/gasmix.com\/fr\/article\/","title":{"rendered":"Article"},"content":{"rendered":"\t\t<div data-elementor-type=\"wp-page\" data-elementor-id=\"19369\" class=\"elementor elementor-19369 elementor-18891\" data-elementor-post-type=\"page\">\n\t\t\t\t<div class=\"elementor-element elementor-element-c199ff4 e-flex e-con-boxed e-con e-parent\" data-id=\"c199ff4\" data-element_type=\"container\" data-e-type=\"container\" data-settings=\"{&quot;background_background&quot;:&quot;classic&quot;}\">\n\t\t\t\t\t<div class=\"e-con-inner\">\n\t\t\t\t<div class=\"elementor-element elementor-element-d8c9b82 gradient-text-product gradient-text-product-anim elementor-widget elementor-widget-heading\" data-id=\"d8c9b82\" data-element_type=\"widget\" data-e-type=\"widget\" data-widget_type=\"heading.default\">\n\t\t\t\t<div class=\"elementor-widget-container\">\n\t\t\t\t\t<h2 class=\"elementor-heading-title elementor-size-default\">Articles<\/h2>\t\t\t\t<\/div>\n\t\t\t\t<\/div>\n\t\t\t\t<div class=\"elementor-element elementor-element-244dfbc elementor-widget elementor-widget-text-editor\" data-id=\"244dfbc\" data-element_type=\"widget\" data-e-type=\"widget\" data-widget_type=\"text-editor.default\">\n\t\t\t\t<div class=\"elementor-widget-container\">\n\t\t\t\t\t\t\t\t\t<p>D\u00e9couvrez nos derniers articles et r\u00e9cits<\/p>\t\t\t\t\t\t\t\t<\/div>\n\t\t\t\t<\/div>\n\t\t\t\t\t<\/div>\n\t\t\t\t<\/div>\n\t\t<div class=\"elementor-element elementor-element-1cfc6a6 articles-post e-flex e-con-boxed e-con e-parent\" data-id=\"1cfc6a6\" data-element_type=\"container\" data-e-type=\"container\">\n\t\t\t\t\t<div class=\"e-con-inner\">\n\t\t\t\t<div class=\"elementor-element elementor-element-11c683c elementor-grid-3 elementor-grid-tablet-2 elementor-grid-mobile-1 elementor-posts--thumbnail-top elementor-widget elementor-widget-posts\" data-id=\"11c683c\" data-element_type=\"widget\" data-e-type=\"widget\" data-settings=\"{&quot;classic_columns&quot;:&quot;3&quot;,&quot;classic_columns_tablet&quot;:&quot;2&quot;,&quot;classic_columns_mobile&quot;:&quot;1&quot;,&quot;classic_row_gap&quot;:{&quot;unit&quot;:&quot;px&quot;,&quot;size&quot;:35,&quot;sizes&quot;:[]},&quot;classic_row_gap_tablet&quot;:{&quot;unit&quot;:&quot;px&quot;,&quot;size&quot;:&quot;&quot;,&quot;sizes&quot;:[]},&quot;classic_row_gap_mobile&quot;:{&quot;unit&quot;:&quot;px&quot;,&quot;size&quot;:&quot;&quot;,&quot;sizes&quot;:[]}}\" data-widget_type=\"posts.classic\">\n\t\t\t\t<div class=\"elementor-widget-container\">\n\t\t\t\t\t\t\t<div class=\"elementor-posts-container elementor-posts elementor-posts--skin-classic elementor-grid\" role=\"list\">\n\t\t\t\t<article class=\"elementor-post elementor-grid-item post-20515 post type-post status-publish format-standard has-post-thumbnail hentry category-en-vedette\" role=\"listitem\">\n\t\t\t\t<a class=\"elementor-post__thumbnail__link\" href=\"https:\/\/gasmix.com\/fr\/regulateurs-de-debit-massique-vs-buses-soniques\/\" tabindex=\"-1\" >\n\t\t\t<div class=\"elementor-post__thumbnail\"><img fetchpriority=\"high\" decoding=\"async\" width=\"1024\" height=\"683\" src=\"https:\/\/gasmix.com\/wp-content\/uploads\/2026\/03\/img_0047-1024x683.jpg\" class=\"attachment-large size-large wp-image-20510\" alt=\"Sonic Nozzle\" srcset=\"https:\/\/gasmix.com\/wp-content\/uploads\/2026\/03\/img_0047-1024x683.jpg 1024w, https:\/\/gasmix.com\/wp-content\/uploads\/2026\/03\/img_0047-300x200.jpg 300w, https:\/\/gasmix.com\/wp-content\/uploads\/2026\/03\/img_0047-768x512.jpg 768w, https:\/\/gasmix.com\/wp-content\/uploads\/2026\/03\/img_0047-1536x1024.jpg 1536w, https:\/\/gasmix.com\/wp-content\/uploads\/2026\/03\/img_0047-2048x1365.jpg 2048w, https:\/\/gasmix.com\/wp-content\/uploads\/2026\/03\/img_0047-600x400.jpg 600w\" sizes=\"(max-width: 1024px) 100vw, 1024px\" \/><\/div>\n\t\t<\/a>\n\t\t\t\t<div class=\"elementor-post__text\">\n\t\t\t\t<h3 class=\"elementor-post__title\">\n\t\t\t<a href=\"https:\/\/gasmix.com\/fr\/regulateurs-de-debit-massique-vs-buses-soniques\/\" >\n\t\t\t\tR\u00e9gulateurs de d\u00e9bit massique VS buses soniques\t\t\t<\/a>\n\t\t<\/h3>\n\t\t\t\t<div class=\"elementor-post__meta-data\">\n\t\t\t\t\t<span class=\"elementor-post-date\">\n\t\t\t2 mars 2026\t\t<\/span>\n\t\t\t\t<\/div>\n\t\t\t\t<div class=\"elementor-post__excerpt\">\n\t\t\t<p>Pourquoi la flexibilit\u00e9 du MFC red\u00e9finit la m\u00e9trologie moderne 1. Principes op\u00e9rationnels fondamentaux : Stabilit\u00e9 et agilit\u00e9 La buse sonique (g\u00e9om\u00e9trie fixe) : Cette technologie g\u00e9n\u00e8re un d\u00e9bit massique en acc\u00e9l\u00e9rant le gaz \u00e0 la vitesse du son au niveau d&rsquo;un orifice fixe (d\u00e9bit \u00e9trangl\u00e9). Bien qu&rsquo;\u00e9l\u00e9gante sur le plan m\u00e9canique, elle est intrins\u00e8quement discr\u00e8te;<\/p>\n\t\t<\/div>\n\t\t\n\t\t<a class=\"elementor-post__read-more\" href=\"https:\/\/gasmix.com\/fr\/regulateurs-de-debit-massique-vs-buses-soniques\/\" aria-label=\"En savoir plus sur R\u00e9gulateurs de d\u00e9bit massique VS buses soniques\" tabindex=\"-1\" >\n\t\t\tLire la suite \u00bb\t\t<\/a>\n\n\t\t\t\t<\/div>\n\t\t\t\t<\/article>\n\t\t\t\t<article class=\"elementor-post elementor-grid-item post-19119 post type-post status-publish format-standard has-post-thumbnail hentry category-en-vedette\" role=\"listitem\">\n\t\t\t\t<a class=\"elementor-post__thumbnail__link\" href=\"https:\/\/gasmix.com\/fr\/decouvrez-les-plateformes-detalonnage-gasmix-et-liqmix-precision-pour-les-etalons-de-gaz-et-de-liquides\/\" tabindex=\"-1\" >\n\t\t\t<div class=\"elementor-post__thumbnail\"><img decoding=\"async\" width=\"1024\" height=\"1024\" src=\"https:\/\/gasmix.com\/wp-content\/uploads\/2026\/02\/slide_01-1024x1024.png\" class=\"attachment-large size-large wp-image-20282\" alt=\"\" srcset=\"https:\/\/gasmix.com\/wp-content\/uploads\/2026\/02\/slide_01-1024x1024.png 1024w, https:\/\/gasmix.com\/wp-content\/uploads\/2026\/02\/slide_01-300x300.png 300w, https:\/\/gasmix.com\/wp-content\/uploads\/2026\/02\/slide_01-150x150.png 150w, https:\/\/gasmix.com\/wp-content\/uploads\/2026\/02\/slide_01-768x768.png 768w, https:\/\/gasmix.com\/wp-content\/uploads\/2026\/02\/slide_01-1536x1536.png 1536w, https:\/\/gasmix.com\/wp-content\/uploads\/2026\/02\/slide_01-600x600.png 600w, https:\/\/gasmix.com\/wp-content\/uploads\/2026\/02\/slide_01.png 1620w\" sizes=\"(max-width: 1024px) 100vw, 1024px\" \/><\/div>\n\t\t<\/a>\n\t\t\t\t<div class=\"elementor-post__text\">\n\t\t\t\t<h3 class=\"elementor-post__title\">\n\t\t\t<a href=\"https:\/\/gasmix.com\/fr\/decouvrez-les-plateformes-detalonnage-gasmix-et-liqmix-precision-pour-les-etalons-de-gaz-et-de-liquides\/\" >\n\t\t\t\tQu&rsquo;est-ce qu&rsquo;une valeur certifi\u00e9e tra\u00e7able NIST (ou \u00e9quivalent) ?\t\t\t<\/a>\n\t\t<\/h3>\n\t\t\t\t<div class=\"elementor-post__meta-data\">\n\t\t\t\t\t<span class=\"elementor-post-date\">\n\t\t\t5 f\u00e9vrier 2026\t\t<\/span>\n\t\t\t\t<\/div>\n\t\t\t\t<div class=\"elementor-post__excerpt\">\n\t\t\t<p>Valeur certifi\u00e9e tra\u00e7able au NIST : Ce que cela signifie et pourquoi c&rsquo;est important pour l&rsquo;\u00e9talonnage des gaz Si vous travaillez dans le domaine de l&rsquo;analyse des gaz, de la surveillance de l&rsquo;environnement ou de l&rsquo;\u00e9talonnage des laboratoires, vous avez probablement d\u00e9j\u00e0 rencontr\u00e9 le terme de valeur certifi\u00e9e tra\u00e7able au NIST. Mais qu&rsquo;est-ce que cela<\/p>\n\t\t<\/div>\n\t\t\n\t\t<a class=\"elementor-post__read-more\" href=\"https:\/\/gasmix.com\/fr\/decouvrez-les-plateformes-detalonnage-gasmix-et-liqmix-precision-pour-les-etalons-de-gaz-et-de-liquides\/\" aria-label=\"En savoir plus sur Qu&rsquo;est-ce qu&rsquo;une valeur certifi\u00e9e tra\u00e7able NIST (ou \u00e9quivalent) ?\" tabindex=\"-1\" >\n\t\t\tLire la suite \u00bb\t\t<\/a>\n\n\t\t\t\t<\/div>\n\t\t\t\t<\/article>\n\t\t\t\t<\/div>\n\t\t\n\t\t\t\t\t\t<\/div>\n\t\t\t\t<\/div>\n\t\t\t\t\t<\/div>\n\t\t\t\t<\/div>\n\t\t\t\t<\/div>\n\t\t","protected":false},"excerpt":{"rendered":"<p>Articles D\u00e9couvrez nos derniers articles et r\u00e9cits<\/p>\n","protected":false},"author":1,"featured_media":0,"parent":0,"menu_order":0,"comment_status":"closed","ping_status":"closed","template":"elementor_header_footer","meta":{"_acf_changed":false,"content-type":"","site-sidebar-layout":"no-sidebar","site-content-layout":"","ast-site-content-layout":"full-width-container","site-content-style":"default","site-sidebar-style":"default","ast-global-header-display":"","ast-banner-title-visibility":"","ast-main-header-display":"","ast-hfb-above-header-display":"","ast-hfb-below-header-display":"","ast-hfb-mobile-header-display":"","site-post-title":"disabled","ast-breadcrumbs-content":"","ast-featured-img":"disabled","footer-sml-layout":"","theme-transparent-header-meta":"default","adv-header-id-meta":"","stick-header-meta":"","header-above-stick-meta":"","header-main-stick-meta":"","header-below-stick-meta":"","astra-migrate-meta-layouts":"default","ast-page-background-enabled":"default","ast-page-background-meta":{"desktop":{"background-color":"var(--ast-global-color-4)","background-image":"","background-repeat":"repeat","background-position":"center center","background-size":"auto","background-attachment":"scroll","background-type":"","background-media":"","overlay-type":"","overlay-color":"","overlay-opacity":"","overlay-gradient":""},"tablet":{"background-color":"","background-image":"","background-repeat":"repeat","background-position":"center center","background-size":"auto","background-attachment":"scroll","background-type":"","background-media":"","overlay-type":"","overlay-color":"","overlay-opacity":"","overlay-gradient":""},"mobile":{"background-color":"","background-image":"","background-repeat":"repeat","background-position":"center center","background-size":"auto","background-attachment":"scroll","background-type":"","background-media":"","overlay-type":"","overlay-color":"","overlay-opacity":"","overlay-gradient":""}},"ast-content-background-meta":{"desktop":{"background-color":"var(--ast-global-color-5)","background-image":"","background-repeat":"repeat","background-position":"center center","background-size":"auto","background-attachment":"scroll","background-type":"","background-media":"","overlay-type":"","overlay-color":"","overlay-opacity":"","overlay-gradient":""},"tablet":{"background-color":"var(--ast-global-color-5)","background-image":"","background-repeat":"repeat","background-position":"center center","background-size":"auto","background-attachment":"scroll","background-type":"","background-media":"","overlay-type":"","overlay-color":"","overlay-opacity":"","overlay-gradient":""},"mobile":{"background-color":"var(--ast-global-color-5)","background-image":"","background-repeat":"repeat","background-position":"center center","background-size":"auto","background-attachment":"scroll","background-type":"","background-media":"","overlay-type":"","overlay-color":"","overlay-opacity":"","overlay-gradient":""}},"two_page_speed":[],"footnotes":""},"class_list":["post-19369","page","type-page","status-publish","hentry"],"acf":[],"yoast_head":"<!-- This site is optimized with the Yoast SEO Premium plugin v27.3 (Yoast SEO v27.4) - https:\/\/yoast.com\/product\/yoast-seo-premium-wordpress\/ -->\n<title>Article &#8212; GasMix<\/title>\n<meta name=\"robots\" content=\"index, follow, max-snippet:-1, max-image-preview:large, max-video-preview:-1\" \/>\n<link rel=\"canonical\" href=\"https:\/\/gasmix.com\/article\/\" \/>\n<meta property=\"og:locale\" content=\"fr_FR\" \/>\n<meta property=\"og:type\" content=\"article\" \/>\n<meta property=\"og:title\" content=\"Article\" \/>\n<meta property=\"og:description\" content=\"Articles D\u00e9couvrez nos derniers articles et r\u00e9cits\" \/>\n<meta property=\"og:url\" content=\"https:\/\/gasmix.com\/article\/\" \/>\n<meta property=\"og:site_name\" content=\"GasMix\" \/>\n<meta property=\"article:modified_time\" content=\"2026-03-04T17:27:24+00:00\" \/>\n<meta property=\"og:image\" content=\"https:\/\/gasmix.com\/wp-content\/uploads\/2025\/11\/GasMix-logo-300dpi-removebg-preview-1-1.png\" \/>\n\t<meta property=\"og:image:width\" content=\"666\" \/>\n\t<meta property=\"og:image:height\" content=\"375\" \/>\n\t<meta property=\"og:image:type\" content=\"image\/png\" \/>\n<meta name=\"twitter:card\" content=\"summary_large_image\" \/>\n<script type=\"application\/ld+json\" class=\"yoast-schema-graph\">{\"@context\":\"https:\\\/\\\/schema.org\",\"@graph\":[{\"@type\":\"WebPage\",\"@id\":\"https:\\\/\\\/gasmix.com\\\/article\\\/\",\"url\":\"https:\\\/\\\/gasmix.com\\\/article\\\/\",\"name\":\"Article &#8212; GasMix\",\"isPartOf\":{\"@id\":\"https:\\\/\\\/gasmix.com\\\/#website\"},\"datePublished\":\"2026-02-09T12:51:56+00:00\",\"dateModified\":\"2026-03-04T17:27:24+00:00\",\"breadcrumb\":{\"@id\":\"https:\\\/\\\/gasmix.com\\\/article\\\/#breadcrumb\"},\"inLanguage\":\"fr-FR\",\"potentialAction\":[{\"@type\":\"ReadAction\",\"target\":[\"https:\\\/\\\/gasmix.com\\\/article\\\/\"]}]},{\"@type\":\"BreadcrumbList\",\"@id\":\"https:\\\/\\\/gasmix.com\\\/article\\\/#breadcrumb\",\"itemListElement\":[{\"@type\":\"ListItem\",\"position\":1,\"name\":\"Home\",\"item\":\"https:\\\/\\\/gasmix.com\\\/fr\\\/accueil\\\/\"},{\"@type\":\"ListItem\",\"position\":2,\"name\":\"Article\"}]},{\"@type\":\"WebSite\",\"@id\":\"https:\\\/\\\/gasmix.com\\\/#website\",\"url\":\"https:\\\/\\\/gasmix.com\\\/\",\"name\":\"GasMix\",\"description\":\"Mix It Right\",\"potentialAction\":[{\"@type\":\"SearchAction\",\"target\":{\"@type\":\"EntryPoint\",\"urlTemplate\":\"https:\\\/\\\/gasmix.com\\\/?s={search_term_string}\"},\"query-input\":{\"@type\":\"PropertyValueSpecification\",\"valueRequired\":true,\"valueName\":\"search_term_string\"}}],\"inLanguage\":\"fr-FR\"}]}<\/script>\n<!-- \/ Yoast SEO Premium plugin. -->","yoast_head_json":{"title":"Article &#8212; GasMix","robots":{"index":"index","follow":"follow","max-snippet":"max-snippet:-1","max-image-preview":"max-image-preview:large","max-video-preview":"max-video-preview:-1"},"canonical":"https:\/\/gasmix.com\/article\/","og_locale":"fr_FR","og_type":"article","og_title":"Article","og_description":"Articles D\u00e9couvrez nos derniers articles et r\u00e9cits","og_url":"https:\/\/gasmix.com\/article\/","og_site_name":"GasMix","article_modified_time":"2026-03-04T17:27:24+00:00","og_image":[{"width":666,"height":375,"url":"https:\/\/gasmix.com\/wp-content\/uploads\/2025\/11\/GasMix-logo-300dpi-removebg-preview-1-1.png","type":"image\/png"}],"twitter_card":"summary_large_image","schema":{"@context":"https:\/\/schema.org","@graph":[{"@type":"WebPage","@id":"https:\/\/gasmix.com\/article\/","url":"https:\/\/gasmix.com\/article\/","name":"Article &#8212; GasMix","isPartOf":{"@id":"https:\/\/gasmix.com\/#website"},"datePublished":"2026-02-09T12:51:56+00:00","dateModified":"2026-03-04T17:27:24+00:00","breadcrumb":{"@id":"https:\/\/gasmix.com\/article\/#breadcrumb"},"inLanguage":"fr-FR","potentialAction":[{"@type":"ReadAction","target":["https:\/\/gasmix.com\/article\/"]}]},{"@type":"BreadcrumbList","@id":"https:\/\/gasmix.com\/article\/#breadcrumb","itemListElement":[{"@type":"ListItem","position":1,"name":"Home","item":"https:\/\/gasmix.com\/fr\/accueil\/"},{"@type":"ListItem","position":2,"name":"Article"}]},{"@type":"WebSite","@id":"https:\/\/gasmix.com\/#website","url":"https:\/\/gasmix.com\/","name":"GasMix","description":"Mix It Right","potentialAction":[{"@type":"SearchAction","target":{"@type":"EntryPoint","urlTemplate":"https:\/\/gasmix.com\/?s={search_term_string}"},"query-input":{"@type":"PropertyValueSpecification","valueRequired":true,"valueName":"search_term_string"}}],"inLanguage":"fr-FR"}]}},"_links":{"self":[{"href":"https:\/\/gasmix.com\/fr\/wp-json\/wp\/v2\/pages\/19369","targetHints":{"allow":["GET"]}}],"collection":[{"href":"https:\/\/gasmix.com\/fr\/wp-json\/wp\/v2\/pages"}],"about":[{"href":"https:\/\/gasmix.com\/fr\/wp-json\/wp\/v2\/types\/page"}],"author":[{"embeddable":true,"href":"https:\/\/gasmix.com\/fr\/wp-json\/wp\/v2\/users\/1"}],"replies":[{"embeddable":true,"href":"https:\/\/gasmix.com\/fr\/wp-json\/wp\/v2\/comments?post=19369"}],"version-history":[{"count":2,"href":"https:\/\/gasmix.com\/fr\/wp-json\/wp\/v2\/pages\/19369\/revisions"}],"predecessor-version":[{"id":20534,"href":"https:\/\/gasmix.com\/fr\/wp-json\/wp\/v2\/pages\/19369\/revisions\/20534"}],"wp:attachment":[{"href":"https:\/\/gasmix.com\/fr\/wp-json\/wp\/v2\/media?parent=19369"}],"curies":[{"name":"wp","href":"https:\/\/api.w.org\/{rel}","templated":true}]}}